{"id":14591,"date":"2023-03-24T16:45:29","date_gmt":"2023-03-24T22:45:29","guid":{"rendered":"https:\/\/demosite.neopeople.com\/ubicaciones-de-las-oficinas\/"},"modified":"2025-02-17T13:47:57","modified_gmt":"2025-02-17T19:47:57","slug":"ubicaciones-de-las-oficinas","status":"publish","type":"page","link":"https:\/\/neopeople.com\/es\/ubicaciones-de-las-oficinas\/","title":{"rendered":"Ubicaciones de las oficinas"},"content":{"rendered":"\t\t<div data-elementor-type=\"wp-page\" data-elementor-id=\"14591\" class=\"elementor elementor-14591 elementor-14278\" data-elementor-post-type=\"page\">\n\t\t\t\t\t\t<section class=\"elementor-section elementor-top-section elementor-element elementor-element-27aa437 elementor-section-content-middle elementor-section-height-min-height elementor-section-boxed elementor-section-height-default elementor-section-items-middle\" data-id=\"27aa437\" data-element_type=\"section\" data-settings=\"{&quot;background_background&quot;:&quot;classic&quot;}\">\n\t\t\t\t\t\t<div class=\"elementor-container elementor-column-gap-default\">\n\t\t\t\t\t<div class=\"elementor-column elementor-col-50 elementor-top-column elementor-element elementor-element-33fa236\" data-id=\"33fa236\" data-element_type=\"column\">\n\t\t\t<div class=\"elementor-widget-wrap elementor-element-populated\">\n\t\t\t\t\t\t<div class=\"elementor-element elementor-element-f125e3c elementor-invisible elementor-widget elementor-widget-heading\" data-id=\"f125e3c\" data-element_type=\"widget\" data-settings=\"{&quot;_animation&quot;:&quot;fadeIn&quot;}\" data-widget_type=\"heading.default\">\n\t\t\t\t<div class=\"elementor-widget-container\">\n\t\t\t\t\t<h2 class=\"elementor-heading-title elementor-size-default\">Ubicaciones de las oficinas<\/h2>\t\t\t\t<\/div>\n\t\t\t\t<\/div>\n\t\t\t\t<div class=\"elementor-element elementor-element-527bd32 elementor-invisible elementor-widget elementor-widget-heading\" data-id=\"527bd32\" data-element_type=\"widget\" data-settings=\"{&quot;_animation&quot;:&quot;fadeInRight&quot;}\" data-widget_type=\"heading.default\">\n\t\t\t\t<div class=\"elementor-widget-container\">\n\t\t\t\t\t<h2 class=\"elementor-heading-title elementor-size-default\">P\u00f3ngase en contacto con una oficina cerca de usted.<\/h2>\t\t\t\t<\/div>\n\t\t\t\t<\/div>\n\t\t\t\t<div class=\"elementor-element elementor-element-aeb9b41 elementor-invisible elementor-widget elementor-widget-heading\" data-id=\"aeb9b41\" data-element_type=\"widget\" data-settings=\"{&quot;_animation&quot;:&quot;fadeInLeft&quot;}\" data-widget_type=\"heading.default\">\n\t\t\t\t<div class=\"elementor-widget-container\">\n\t\t\t\t\t<h2 class=\"elementor-heading-title elementor-size-default\">No dudes en contactarnos! Esperamos con inter\u00e9s escuchar de usted.<\/h2>\t\t\t\t<\/div>\n\t\t\t\t<\/div>\n\t\t\t\t<div class=\"elementor-element elementor-element-cf22546 elementor-align-left elementor-invisible elementor-widget elementor-widget-button\" data-id=\"cf22546\" data-element_type=\"widget\" data-settings=\"{&quot;_animation&quot;:&quot;slideInUp&quot;}\" data-widget_type=\"button.default\">\n\t\t\t\t<div class=\"elementor-widget-container\">\n\t\t\t\t\t\t\t\t\t<div class=\"elementor-button-wrapper\">\n\t\t\t\t\t<a class=\"elementor-button elementor-button-link elementor-size-md elementor-animation-grow\" href=\"https:\/\/neopeople.com\/es\/ver-neopeople\/\">\n\t\t\t\t\t\t<span class=\"elementor-button-content-wrapper\">\n\t\t\t\t\t\t\t\t\t<span class=\"elementor-button-text\">Solicitar Demo<\/span>\n\t\t\t\t\t<\/span>\n\t\t\t\t\t<\/a>\n\t\t\t\t<\/div>\n\t\t\t\t\t\t\t\t<\/div>\n\t\t\t\t<\/div>\n\t\t\t\t\t<\/div>\n\t\t<\/div>\n\t\t\t\t<div class=\"elementor-column elementor-col-50 elementor-top-column elementor-element elementor-element-0d1f22d\" data-id=\"0d1f22d\" data-element_type=\"column\">\n\t\t\t<div class=\"elementor-widget-wrap elementor-element-populated\">\n\t\t\t\t\t\t<div class=\"elementor-element elementor-element-f8e2647 elementor-widget elementor-widget-image\" data-id=\"f8e2647\" data-element_type=\"widget\" data-widget_type=\"image.default\">\n\t\t\t\t<div class=\"elementor-widget-container\">\n\t\t\t\t\t\t\t\t\t\t\t\t\t\t\t<img fetchpriority=\"high\" decoding=\"async\" width=\"1151\" height=\"739\" src=\"https:\/\/neopeople.com\/wp-content\/uploads\/2023\/03\/OfficeLocation_main.png\" class=\"attachment-full size-full wp-image-14441\" alt=\"\" srcset=\"https:\/\/neopeople.com\/wp-content\/uploads\/2023\/03\/OfficeLocation_main.png 1151w, https:\/\/neopeople.com\/wp-content\/uploads\/2023\/03\/OfficeLocation_main-300x193.png 300w, https:\/\/neopeople.com\/wp-content\/uploads\/2023\/03\/OfficeLocation_main-1024x657.png 1024w, https:\/\/neopeople.com\/wp-content\/uploads\/2023\/03\/OfficeLocation_main-768x493.png 768w\" sizes=\"(max-width: 1151px) 100vw, 1151px\" \/>\t\t\t\t\t\t\t\t\t\t\t\t\t\t\t<\/div>\n\t\t\t\t<\/div>\n\t\t\t\t\t<\/div>\n\t\t<\/div>\n\t\t\t\t\t<\/div>\n\t\t<\/section>\n\t\t\t\t<section class=\"elementor-section elementor-top-section elementor-element elementor-element-f3f3556 elementor-section-boxed elementor-section-height-default elementor-section-height-default\" data-id=\"f3f3556\" data-element_type=\"section\" data-settings=\"{&quot;background_background&quot;:&quot;classic&quot;}\">\n\t\t\t\t\t\t<div class=\"elementor-container elementor-column-gap-default\">\n\t\t\t\t\t<div class=\"elementor-column elementor-col-100 elementor-top-column elementor-element elementor-element-2830ff3\" data-id=\"2830ff3\" data-element_type=\"column\">\n\t\t\t<div class=\"elementor-widget-wrap elementor-element-populated\">\n\t\t\t\t\t\t<div class=\"elementor-element elementor-element-96a14c2 elementor-widget elementor-widget-heading\" data-id=\"96a14c2\" data-element_type=\"widget\" data-widget_type=\"heading.default\">\n\t\t\t\t<div class=\"elementor-widget-container\">\n\t\t\t\t\t<h2 class=\"elementor-heading-title elementor-size-default\">Con\u00e9ctese con una de nuestras oficinas.<\/h2>\t\t\t\t<\/div>\n\t\t\t\t<\/div>\n\t\t\t\t\t<\/div>\n\t\t<\/div>\n\t\t\t\t\t<\/div>\n\t\t<\/section>\n\t\t\t\t<\/div>\n\t\t","protected":false},"excerpt":{"rendered":"<p>Ubicaciones de las oficinas P\u00f3ngase en contacto con una oficina cerca de usted. No dudes en contactarnos! Esperamos con inter\u00e9s escuchar de usted. Solicitar Demo Con\u00e9ctese con una de nuestras oficinas. EE.UU. Austin, Texas Contact Info: +1 (512) 838-1585 dom@neopeople.com Belice Belize City Contact Info: +(501) 223-1805 info@neopeople.com 115 Barrack Road, Belize City Rep\u00fablica Dominicana [&hellip;]<\/p>\n","protected":false},"author":1,"featured_media":0,"parent":0,"menu_order":0,"comment_status":"closed","ping_status":"closed","template":"","meta":{"_eb_attr":"","inline_featured_image":false,"_monsterinsights_skip_tracking":false,"_monsterinsights_sitenote_active":false,"_monsterinsights_sitenote_note":"","_monsterinsights_sitenote_category":0,"site-sidebar-layout":"no-sidebar","site-content-layout":"page-builder","ast-site-content-layout":"default","site-content-style":"default","site-sidebar-style":"default","ast-global-header-display":"","ast-banner-title-visibility":"","ast-main-header-display":"","ast-hfb-above-header-display":"","ast-hfb-below-header-display":"","ast-hfb-mobile-header-display":"","site-post-title":"disabled","ast-breadcrumbs-content":"","ast-featured-img":"disabled","footer-sml-layout":"","theme-transparent-header-meta":"enabled","adv-header-id-meta":"","stick-header-meta":"","header-above-stick-meta":"","header-main-stick-meta":"","header-below-stick-meta":"","astra-migrate-meta-layouts":"set","ast-page-background-enabled":"default","ast-page-background-meta":{"desktop":{"background-color":"var(--ast-global-color-4)","background-image":"","background-repeat":"repeat","background-position":"center center","background-size":"auto","background-attachment":"scroll","background-type":"","background-media":"","overlay-type":"","overlay-color":"","overlay-opacity":"","overlay-gradient":""},"tablet":{"background-color":"","background-image":"","background-repeat":"repeat","background-position":"center center","background-size":"auto","background-attachment":"scroll","background-type":"","background-media":"","overlay-type":"","overlay-color":"","overlay-opacity":"","overlay-gradient":""},"mobile":{"background-color":"","background-image":"","background-repeat":"repeat","background-position":"center center","background-size":"auto","background-attachment":"scroll","background-type":"","background-media":"","overlay-type":"","overlay-color":"","overlay-opacity":"","overlay-gradient":""}},"ast-content-background-meta":{"desktop":{"background-color":"var(--ast-global-color-5)","background-image":"","background-repeat":"repeat","background-position":"center center","background-size":"auto","background-attachment":"scroll","background-type":"","background-media":"","overlay-type":"","overlay-color":"","overlay-opacity":"","overlay-gradient":""},"tablet":{"background-color":"var(--ast-global-color-5)","background-image":"","background-repeat":"repeat","background-position":"center center","background-size":"auto","background-attachment":"scroll","background-type":"","background-media":"","overlay-type":"","overlay-color":"","overlay-opacity":"","overlay-gradient":""},"mobile":{"background-color":"var(--ast-global-color-5)","background-image":"","background-repeat":"repeat","background-position":"center center","background-size":"auto","background-attachment":"scroll","background-type":"","background-media":"","overlay-type":"","overlay-color":"","overlay-opacity":"","overlay-gradient":""}},"footnotes":""},"class_list":["post-14591","page","type-page","status-publish","hentry"],"yoast_head":"<!-- This site is optimized with the Yoast SEO Premium plugin v25.4 (Yoast SEO v25.4) - https:\/\/yoast.com\/wordpress\/plugins\/seo\/ -->\n<title>Ubicaciones de las oficinas - NeoPeople<\/title>\n<meta name=\"description\" content=\"Descubra las ubicaciones de las oficinas de NeoPeople en Belize, EE.UU., Rep\u00fablica Dominicana y Barbados, y encuentre la informaci\u00f3n de contacto de cada sede.\" \/>\n<meta name=\"robots\" content=\"index, follow, max-snippet:-1, max-image-preview:large, max-video-preview:-1\" \/>\n<link rel=\"canonical\" href=\"https:\/\/neopeople.com\/es\/ubicaciones-de-las-oficinas\/\" \/>\n<meta property=\"og:locale\" content=\"es_ES\" \/>\n<meta property=\"og:type\" content=\"article\" \/>\n<meta property=\"og:title\" content=\"Ubicaciones de las oficinas\" \/>\n<meta property=\"og:description\" content=\"Descubra las ubicaciones de las oficinas de NeoPeople en Belize, EE.UU., Rep\u00fablica Dominicana y Barbados, y encuentre la informaci\u00f3n de contacto de cada sede.\" \/>\n<meta property=\"og:url\" content=\"https:\/\/neopeople.com\/es\/ubicaciones-de-las-oficinas\/\" \/>\n<meta property=\"og:site_name\" content=\"NeoPeople\" \/>\n<meta property=\"article:publisher\" content=\"https:\/\/www.facebook.com\/NeoPeopleHR\" \/>\n<meta property=\"article:modified_time\" content=\"2025-02-17T19:47:57+00:00\" \/>\n<meta property=\"og:image\" content=\"https:\/\/neopeople.com\/wp-content\/uploads\/2023\/03\/OfficeLocation_main.png\" \/>\n<meta name=\"twitter:card\" content=\"summary_large_image\" \/>\n<meta name=\"twitter:site\" content=\"@neopeoplehr\" \/>\n<meta name=\"twitter:label1\" content=\"Tiempo de lectura\" \/>\n\t<meta name=\"twitter:data1\" content=\"2 minutos\" \/>\n<script type=\"application\/ld+json\" class=\"yoast-schema-graph\">{\"@context\":\"https:\/\/schema.org\",\"@graph\":[{\"@type\":\"WebPage\",\"@id\":\"https:\/\/neopeople.com\/es\/ubicaciones-de-las-oficinas\/\",\"url\":\"https:\/\/neopeople.com\/es\/ubicaciones-de-las-oficinas\/\",\"name\":\"Ubicaciones de las oficinas - NeoPeople\",\"isPartOf\":{\"@id\":\"https:\/\/neopeople.com\/es\/#website\"},\"primaryImageOfPage\":{\"@id\":\"https:\/\/neopeople.com\/es\/ubicaciones-de-las-oficinas\/#primaryimage\"},\"image\":{\"@id\":\"https:\/\/neopeople.com\/es\/ubicaciones-de-las-oficinas\/#primaryimage\"},\"thumbnailUrl\":\"https:\/\/neopeople.com\/wp-content\/uploads\/2023\/03\/OfficeLocation_main.png\",\"datePublished\":\"2023-03-24T22:45:29+00:00\",\"dateModified\":\"2025-02-17T19:47:57+00:00\",\"description\":\"Descubra las ubicaciones de las oficinas de NeoPeople en Belize, EE.UU., Rep\u00fablica Dominicana y Barbados, y encuentre la informaci\u00f3n de contacto de cada sede.\",\"breadcrumb\":{\"@id\":\"https:\/\/neopeople.com\/es\/ubicaciones-de-las-oficinas\/#breadcrumb\"},\"inLanguage\":\"es\",\"potentialAction\":[{\"@type\":\"ReadAction\",\"target\":[\"https:\/\/neopeople.com\/es\/ubicaciones-de-las-oficinas\/\"]}]},{\"@type\":\"ImageObject\",\"inLanguage\":\"es\",\"@id\":\"https:\/\/neopeople.com\/es\/ubicaciones-de-las-oficinas\/#primaryimage\",\"url\":\"https:\/\/neopeople.com\/wp-content\/uploads\/2023\/03\/OfficeLocation_main.png\",\"contentUrl\":\"https:\/\/neopeople.com\/wp-content\/uploads\/2023\/03\/OfficeLocation_main.png\"},{\"@type\":\"BreadcrumbList\",\"@id\":\"https:\/\/neopeople.com\/es\/ubicaciones-de-las-oficinas\/#breadcrumb\",\"itemListElement\":[{\"@type\":\"ListItem\",\"position\":1,\"name\":\"Home\",\"item\":\"https:\/\/neopeople.com\/es\/\"},{\"@type\":\"ListItem\",\"position\":2,\"name\":\"Ubicaciones de las oficinas\"}]},{\"@type\":\"WebSite\",\"@id\":\"https:\/\/neopeople.com\/es\/#website\",\"url\":\"https:\/\/neopeople.com\/es\/\",\"name\":\"NeoPeople\",\"description\":\"\",\"publisher\":{\"@id\":\"https:\/\/neopeople.com\/es\/#organization\"},\"potentialAction\":[{\"@type\":\"SearchAction\",\"target\":{\"@type\":\"EntryPoint\",\"urlTemplate\":\"https:\/\/neopeople.com\/es\/?s={search_term_string}\"},\"query-input\":{\"@type\":\"PropertyValueSpecification\",\"valueRequired\":true,\"valueName\":\"search_term_string\"}}],\"inLanguage\":\"es\"},{\"@type\":\"Organization\",\"@id\":\"https:\/\/neopeople.com\/es\/#organization\",\"name\":\"NeoPeople\",\"url\":\"https:\/\/neopeople.com\/es\/\",\"logo\":{\"@type\":\"ImageObject\",\"inLanguage\":\"es\",\"@id\":\"https:\/\/neopeople.com\/es\/#\/schema\/logo\/image\/\",\"url\":\"https:\/\/neopeople.com\/wp-content\/uploads\/2022\/08\/NeoPeople-Logo-1.png\",\"contentUrl\":\"https:\/\/neopeople.com\/wp-content\/uploads\/2022\/08\/NeoPeople-Logo-1.png\",\"width\":500,\"height\":500,\"caption\":\"NeoPeople\"},\"image\":{\"@id\":\"https:\/\/neopeople.com\/es\/#\/schema\/logo\/image\/\"},\"sameAs\":[\"https:\/\/www.facebook.com\/NeoPeopleHR\",\"https:\/\/x.com\/neopeoplehr\",\"https:\/\/www.linkedin.com\/company\/neopeople\/\",\"https:\/\/instagram.com\/neopeoplehr\"]}]}<\/script>\n<!-- \/ Yoast SEO Premium plugin. -->","yoast_head_json":{"title":"Ubicaciones de las oficinas - NeoPeople","description":"Descubra las ubicaciones de las oficinas de NeoPeople en Belize, EE.UU., Rep\u00fablica Dominicana y Barbados, y encuentre la informaci\u00f3n de contacto de cada sede.","robots":{"index":"index","follow":"follow","max-snippet":"max-snippet:-1","max-image-preview":"max-image-preview:large","max-video-preview":"max-video-preview:-1"},"canonical":"https:\/\/neopeople.com\/es\/ubicaciones-de-las-oficinas\/","og_locale":"es_ES","og_type":"article","og_title":"Ubicaciones de las oficinas","og_description":"Descubra las ubicaciones de las oficinas de NeoPeople en Belize, EE.UU., Rep\u00fablica Dominicana y Barbados, y encuentre la informaci\u00f3n de contacto de cada sede.","og_url":"https:\/\/neopeople.com\/es\/ubicaciones-de-las-oficinas\/","og_site_name":"NeoPeople","article_publisher":"https:\/\/www.facebook.com\/NeoPeopleHR","article_modified_time":"2025-02-17T19:47:57+00:00","og_image":[{"url":"https:\/\/neopeople.com\/wp-content\/uploads\/2023\/03\/OfficeLocation_main.png","type":"","width":"","height":""}],"twitter_card":"summary_large_image","twitter_site":"@neopeoplehr","twitter_misc":{"Tiempo de lectura":"2 minutos"},"schema":{"@context":"https:\/\/schema.org","@graph":[{"@type":"WebPage","@id":"https:\/\/neopeople.com\/es\/ubicaciones-de-las-oficinas\/","url":"https:\/\/neopeople.com\/es\/ubicaciones-de-las-oficinas\/","name":"Ubicaciones de las oficinas - NeoPeople","isPartOf":{"@id":"https:\/\/neopeople.com\/es\/#website"},"primaryImageOfPage":{"@id":"https:\/\/neopeople.com\/es\/ubicaciones-de-las-oficinas\/#primaryimage"},"image":{"@id":"https:\/\/neopeople.com\/es\/ubicaciones-de-las-oficinas\/#primaryimage"},"thumbnailUrl":"https:\/\/neopeople.com\/wp-content\/uploads\/2023\/03\/OfficeLocation_main.png","datePublished":"2023-03-24T22:45:29+00:00","dateModified":"2025-02-17T19:47:57+00:00","description":"Descubra las ubicaciones de las oficinas de NeoPeople en Belize, EE.UU., Rep\u00fablica Dominicana y Barbados, y encuentre la informaci\u00f3n de contacto de cada sede.","breadcrumb":{"@id":"https:\/\/neopeople.com\/es\/ubicaciones-de-las-oficinas\/#breadcrumb"},"inLanguage":"es","potentialAction":[{"@type":"ReadAction","target":["https:\/\/neopeople.com\/es\/ubicaciones-de-las-oficinas\/"]}]},{"@type":"ImageObject","inLanguage":"es","@id":"https:\/\/neopeople.com\/es\/ubicaciones-de-las-oficinas\/#primaryimage","url":"https:\/\/neopeople.com\/wp-content\/uploads\/2023\/03\/OfficeLocation_main.png","contentUrl":"https:\/\/neopeople.com\/wp-content\/uploads\/2023\/03\/OfficeLocation_main.png"},{"@type":"BreadcrumbList","@id":"https:\/\/neopeople.com\/es\/ubicaciones-de-las-oficinas\/#breadcrumb","itemListElement":[{"@type":"ListItem","position":1,"name":"Home","item":"https:\/\/neopeople.com\/es\/"},{"@type":"ListItem","position":2,"name":"Ubicaciones de las oficinas"}]},{"@type":"WebSite","@id":"https:\/\/neopeople.com\/es\/#website","url":"https:\/\/neopeople.com\/es\/","name":"NeoPeople","description":"","publisher":{"@id":"https:\/\/neopeople.com\/es\/#organization"},"potentialAction":[{"@type":"SearchAction","target":{"@type":"EntryPoint","urlTemplate":"https:\/\/neopeople.com\/es\/?s={search_term_string}"},"query-input":{"@type":"PropertyValueSpecification","valueRequired":true,"valueName":"search_term_string"}}],"inLanguage":"es"},{"@type":"Organization","@id":"https:\/\/neopeople.com\/es\/#organization","name":"NeoPeople","url":"https:\/\/neopeople.com\/es\/","logo":{"@type":"ImageObject","inLanguage":"es","@id":"https:\/\/neopeople.com\/es\/#\/schema\/logo\/image\/","url":"https:\/\/neopeople.com\/wp-content\/uploads\/2022\/08\/NeoPeople-Logo-1.png","contentUrl":"https:\/\/neopeople.com\/wp-content\/uploads\/2022\/08\/NeoPeople-Logo-1.png","width":500,"height":500,"caption":"NeoPeople"},"image":{"@id":"https:\/\/neopeople.com\/es\/#\/schema\/logo\/image\/"},"sameAs":["https:\/\/www.facebook.com\/NeoPeopleHR","https:\/\/x.com\/neopeoplehr","https:\/\/www.linkedin.com\/company\/neopeople\/","https:\/\/instagram.com\/neopeoplehr"]}]}},"_links":{"self":[{"href":"https:\/\/neopeople.com\/es\/wp-json\/wp\/v2\/pages\/14591","targetHints":{"allow":["GET"]}}],"collection":[{"href":"https:\/\/neopeople.com\/es\/wp-json\/wp\/v2\/pages"}],"about":[{"href":"https:\/\/neopeople.com\/es\/wp-json\/wp\/v2\/types\/page"}],"author":[{"embeddable":true,"href":"https:\/\/neopeople.com\/es\/wp-json\/wp\/v2\/users\/1"}],"replies":[{"embeddable":true,"href":"https:\/\/neopeople.com\/es\/wp-json\/wp\/v2\/comments?post=14591"}],"version-history":[{"count":0,"href":"https:\/\/neopeople.com\/es\/wp-json\/wp\/v2\/pages\/14591\/revisions"}],"wp:attachment":[{"href":"https:\/\/neopeople.com\/es\/wp-json\/wp\/v2\/media?parent=14591"}],"curies":[{"name":"wp","href":"https:\/\/api.w.org\/{rel}","templated":true}]}}