{"id":14604,"date":"2023-03-28T15:01:32","date_gmt":"2023-03-28T21:01:32","guid":{"rendered":"https:\/\/demosite.neopeople.com\/soluciones-2\/"},"modified":"2025-02-17T12:56:55","modified_gmt":"2025-02-17T18:56:55","slug":"soluciones","status":"publish","type":"page","link":"https:\/\/neopeople.com\/es\/soluciones\/","title":{"rendered":"Soluciones"},"content":{"rendered":"\t\t<div data-elementor-type=\"wp-page\" data-elementor-id=\"14604\" class=\"elementor elementor-14604 elementor-14400\" data-elementor-post-type=\"page\">\n\t\t\t\t\t\t<section class=\"elementor-section elementor-top-section elementor-element elementor-element-5955fde elementor-section-content-middle elementor-section-height-min-height elementor-section-boxed elementor-section-height-default elementor-section-items-middle\" data-id=\"5955fde\" data-element_type=\"section\" data-settings=\"{&quot;background_background&quot;:&quot;classic&quot;}\">\n\t\t\t\t\t\t<div class=\"elementor-container elementor-column-gap-default\">\n\t\t\t\t\t<div class=\"elementor-column elementor-col-50 elementor-top-column elementor-element elementor-element-db04d13\" data-id=\"db04d13\" data-element_type=\"column\">\n\t\t\t<div class=\"elementor-widget-wrap elementor-element-populated\">\n\t\t\t\t\t\t<div class=\"elementor-element elementor-element-2b8f035 elementor-invisible elementor-widget elementor-widget-heading\" data-id=\"2b8f035\" data-element_type=\"widget\" data-settings=\"{&quot;_animation&quot;:&quot;fadeIn&quot;}\" data-widget_type=\"heading.default\">\n\t\t\t\t<div class=\"elementor-widget-container\">\n\t\t\t\t\t<h2 class=\"elementor-heading-title elementor-size-default\">Nuestras soluciones<\/h2>\t\t\t\t<\/div>\n\t\t\t\t<\/div>\n\t\t\t\t<div class=\"elementor-element elementor-element-1285a1c elementor-invisible elementor-widget elementor-widget-heading\" data-id=\"1285a1c\" data-element_type=\"widget\" data-settings=\"{&quot;_animation&quot;:&quot;fadeInRight&quot;}\" data-widget_type=\"heading.default\">\n\t\t\t\t<div class=\"elementor-widget-container\">\n\t\t\t\t\t<h2 class=\"elementor-heading-title elementor-size-default\">Soluci\u00f3n de RR.HH. y n\u00f3minas potente y flexible centrada en las personas.<\/h2>\t\t\t\t<\/div>\n\t\t\t\t<\/div>\n\t\t\t\t<div class=\"elementor-element elementor-element-5b516ac elementor-invisible elementor-widget elementor-widget-heading\" data-id=\"5b516ac\" data-element_type=\"widget\" data-settings=\"{&quot;_animation&quot;:&quot;fadeInLeft&quot;}\" data-widget_type=\"heading.default\">\n\t\t\t\t<div class=\"elementor-widget-container\">\n\t\t\t\t\t<h2 class=\"elementor-heading-title elementor-size-default\">NeoPeople brinda soluciones integrales para su negocio, eliminando la necesidad de m\u00faltiples software.<\/h2>\t\t\t\t<\/div>\n\t\t\t\t<\/div>\n\t\t\t\t<div class=\"elementor-element elementor-element-0149a29 elementor-align-left elementor-invisible elementor-widget elementor-widget-button\" data-id=\"0149a29\" data-element_type=\"widget\" data-settings=\"{&quot;_animation&quot;:&quot;slideInUp&quot;}\" data-widget_type=\"button.default\">\n\t\t\t\t<div class=\"elementor-widget-container\">\n\t\t\t\t\t\t\t\t\t<div class=\"elementor-button-wrapper\">\n\t\t\t\t\t<a class=\"elementor-button elementor-button-link elementor-size-md elementor-animation-grow\" href=\"https:\/\/neopeople.com\/es\/ver-neopeople\/\">\n\t\t\t\t\t\t<span class=\"elementor-button-content-wrapper\">\n\t\t\t\t\t\t\t\t\t<span class=\"elementor-button-text\">Solicitar Demo<\/span>\n\t\t\t\t\t<\/span>\n\t\t\t\t\t<\/a>\n\t\t\t\t<\/div>\n\t\t\t\t\t\t\t\t<\/div>\n\t\t\t\t<\/div>\n\t\t\t\t\t<\/div>\n\t\t<\/div>\n\t\t\t\t<div class=\"elementor-column elementor-col-50 elementor-top-column elementor-element elementor-element-358e9ed\" data-id=\"358e9ed\" data-element_type=\"column\">\n\t\t\t<div class=\"elementor-widget-wrap elementor-element-populated\">\n\t\t\t\t\t\t<div class=\"elementor-element elementor-element-a0440b2 elementor-widget elementor-widget-image\" data-id=\"a0440b2\" data-element_type=\"widget\" data-widget_type=\"image.default\">\n\t\t\t\t<div class=\"elementor-widget-container\">\n\t\t\t\t\t\t\t\t\t\t\t\t\t\t\t<img fetchpriority=\"high\" decoding=\"async\" width=\"940\" height=\"788\" src=\"https:\/\/neopeople.com\/wp-content\/uploads\/2023\/02\/Dash-1.png\" class=\"attachment-full size-full wp-image-13052\" alt=\"\" srcset=\"https:\/\/neopeople.com\/wp-content\/uploads\/2023\/02\/Dash-1.png 940w, https:\/\/neopeople.com\/wp-content\/uploads\/2023\/02\/Dash-1-300x251.png 300w, https:\/\/neopeople.com\/wp-content\/uploads\/2023\/02\/Dash-1-768x644.png 768w\" sizes=\"(max-width: 940px) 100vw, 940px\" \/>\t\t\t\t\t\t\t\t\t\t\t\t\t\t\t<\/div>\n\t\t\t\t<\/div>\n\t\t\t\t\t<\/div>\n\t\t<\/div>\n\t\t\t\t\t<\/div>\n\t\t<\/section>\n\t\t\t\t<section class=\"elementor-section elementor-top-section elementor-element elementor-element-015587c elementor-section-boxed elementor-section-height-default elementor-section-height-default\" data-id=\"015587c\" data-element_type=\"section\">\n\t\t\t\t\t\t<div class=\"elementor-container elementor-column-gap-default\">\n\t\t\t\t\t<div class=\"elementor-column elementor-col-33 elementor-top-column elementor-element elementor-element-7ef6003\" data-id=\"7ef6003\" data-element_type=\"column\" data-settings=\"{&quot;background_background&quot;:&quot;classic&quot;,&quot;animation&quot;:&quot;none&quot;}\">\n\t\t\t<div class=\"elementor-widget-wrap\">\n\t\t\t\t\t\t\t<\/div>\n\t\t<\/div>\n\t\t\t\t<div class=\"elementor-column elementor-col-33 elementor-top-column elementor-element elementor-element-fea164b\" data-id=\"fea164b\" data-element_type=\"column\" data-settings=\"{&quot;background_background&quot;:&quot;classic&quot;,&quot;animation&quot;:&quot;none&quot;}\">\n\t\t\t<div class=\"elementor-widget-wrap\">\n\t\t\t\t\t\t\t<\/div>\n\t\t<\/div>\n\t\t\t\t<div class=\"elementor-column elementor-col-33 elementor-top-column elementor-element elementor-element-7e5a930\" data-id=\"7e5a930\" data-element_type=\"column\" data-settings=\"{&quot;background_background&quot;:&quot;classic&quot;,&quot;animation&quot;:&quot;none&quot;}\">\n\t\t\t<div class=\"elementor-widget-wrap\">\n\t\t\t\t\t\t\t<\/div>\n\t\t<\/div>\n\t\t\t\t\t<\/div>\n\t\t<\/section>\n\t\t\t\t<section class=\"elementor-section elementor-top-section elementor-element elementor-element-f935459 elementor-section-boxed elementor-section-height-default elementor-section-height-default\" data-id=\"f935459\" data-element_type=\"section\">\n\t\t\t\t\t\t<div class=\"elementor-container elementor-column-gap-default\">\n\t\t\t\t\t<div class=\"elementor-column elementor-col-33 elementor-top-column elementor-element elementor-element-c46e919\" data-id=\"c46e919\" data-element_type=\"column\" data-settings=\"{&quot;background_background&quot;:&quot;classic&quot;,&quot;animation&quot;:&quot;none&quot;}\">\n\t\t\t<div class=\"elementor-widget-wrap\">\n\t\t\t\t\t\t\t<\/div>\n\t\t<\/div>\n\t\t\t\t<div class=\"elementor-column elementor-col-33 elementor-top-column elementor-element elementor-element-087dd57\" data-id=\"087dd57\" data-element_type=\"column\" data-settings=\"{&quot;background_background&quot;:&quot;classic&quot;,&quot;animation&quot;:&quot;none&quot;}\">\n\t\t\t<div class=\"elementor-widget-wrap\">\n\t\t\t\t\t\t\t<\/div>\n\t\t<\/div>\n\t\t\t\t<div class=\"elementor-column elementor-col-33 elementor-top-column elementor-element elementor-element-a6bfc35\" data-id=\"a6bfc35\" data-element_type=\"column\" data-settings=\"{&quot;background_background&quot;:&quot;classic&quot;,&quot;animation&quot;:&quot;none&quot;}\">\n\t\t\t<div class=\"elementor-widget-wrap\">\n\t\t\t\t\t\t\t<\/div>\n\t\t<\/div>\n\t\t\t\t\t<\/div>\n\t\t<\/section>\n\t\t\t\t<section class=\"elementor-section elementor-top-section elementor-element elementor-element-09f4bb9 elementor-section-boxed elementor-section-height-default elementor-section-height-default\" data-id=\"09f4bb9\" data-element_type=\"section\" data-settings=\"{&quot;background_background&quot;:&quot;classic&quot;}\">\n\t\t\t\t\t\t<div class=\"elementor-container elementor-column-gap-default\">\n\t\t\t\t\t<div class=\"elementor-column elementor-col-16 elementor-top-column elementor-element elementor-element-109359a\" data-id=\"109359a\" data-element_type=\"column\">\n\t\t\t<div class=\"elementor-widget-wrap\">\n\t\t\t\t\t\t\t<\/div>\n\t\t<\/div>\n\t\t\t\t<div class=\"elementor-column elementor-col-66 elementor-top-column elementor-element elementor-element-215f6c7 elementor-invisible\" data-id=\"215f6c7\" data-element_type=\"column\" data-settings=\"{&quot;background_background&quot;:&quot;classic&quot;,&quot;animation&quot;:&quot;slideInUp&quot;}\">\n\t\t\t<div class=\"elementor-widget-wrap elementor-element-populated\">\n\t\t\t\t\t\t<div class=\"elementor-element elementor-element-e18b5da elementor-widget elementor-widget-heading\" data-id=\"e18b5da\" data-element_type=\"widget\" data-widget_type=\"heading.default\">\n\t\t\t\t<div class=\"elementor-widget-container\">\n\t\t\t\t\t<h2 class=\"elementor-heading-title elementor-size-default\">\u00bfListo para empezar?<\/h2>\t\t\t\t<\/div>\n\t\t\t\t<\/div>\n\t\t\t\t<div class=\"elementor-element elementor-element-bd0ce8f elementor-widget elementor-widget-image\" data-id=\"bd0ce8f\" data-element_type=\"widget\" data-widget_type=\"image.default\">\n\t\t\t\t<div class=\"elementor-widget-container\">\n\t\t\t\t\t\t\t\t\t\t\t\t\t\t\t<img decoding=\"async\" width=\"600\" height=\"100\" src=\"https:\/\/neopeople.com\/wp-content\/uploads\/2023\/03\/Client-Logos-Join.png\" class=\"attachment-full size-full wp-image-14013\" alt=\"\" srcset=\"https:\/\/neopeople.com\/wp-content\/uploads\/2023\/03\/Client-Logos-Join.png 600w, https:\/\/neopeople.com\/wp-content\/uploads\/2023\/03\/Client-Logos-Join-300x50.png 300w\" sizes=\"(max-width: 600px) 100vw, 600px\" \/>\t\t\t\t\t\t\t\t\t\t\t\t\t\t\t<\/div>\n\t\t\t\t<\/div>\n\t\t\t\t<div class=\"elementor-element elementor-element-4bba822 elementor-widget elementor-widget-heading\" data-id=\"4bba822\" data-element_type=\"widget\" data-widget_type=\"heading.default\">\n\t\t\t\t<div class=\"elementor-widget-container\">\n\t\t\t\t\t<h2 class=\"elementor-heading-title elementor-size-default\">\u00a1\u00danase a estas otras grandes empresas que utilizan NeoPeople hoy!<\/h2>\t\t\t\t<\/div>\n\t\t\t\t<\/div>\n\t\t\t\t<div class=\"elementor-element elementor-element-af8506b elementor-align-center elementor-widget elementor-widget-button\" data-id=\"af8506b\" data-element_type=\"widget\" data-widget_type=\"button.default\">\n\t\t\t\t<div class=\"elementor-widget-container\">\n\t\t\t\t\t\t\t\t\t<div class=\"elementor-button-wrapper\">\n\t\t\t\t\t<a class=\"elementor-button elementor-button-link elementor-size-md elementor-animation-grow\" href=\"#elementor-action%3Aaction%3Dpopup%3Aopen%26settings%3DeyJpZCI6NTU5OSwidG9nZ2xlIjpmYWxzZX0%3D\">\n\t\t\t\t\t\t<span class=\"elementor-button-content-wrapper\">\n\t\t\t\t\t\t\t\t\t<span class=\"elementor-button-text\">Empezar a trabajar<\/span>\n\t\t\t\t\t<\/span>\n\t\t\t\t\t<\/a>\n\t\t\t\t<\/div>\n\t\t\t\t\t\t\t\t<\/div>\n\t\t\t\t<\/div>\n\t\t\t\t\t<\/div>\n\t\t<\/div>\n\t\t\t\t<div class=\"elementor-column elementor-col-16 elementor-top-column elementor-element elementor-element-c01bb24\" data-id=\"c01bb24\" data-element_type=\"column\">\n\t\t\t<div class=\"elementor-widget-wrap\">\n\t\t\t\t\t\t\t<\/div>\n\t\t<\/div>\n\t\t\t\t\t<\/div>\n\t\t<\/section>\n\t\t\t\t<\/div>\n\t\t","protected":false},"excerpt":{"rendered":"<p>Nuestras soluciones Soluci\u00f3n de RR.HH. y n\u00f3minas potente y flexible centrada en las personas. NeoPeople brinda soluciones integrales para su negocio, eliminando la necesidad de m\u00faltiples software. Solicitar Demo Centro de Personas Gestionar a los miembros del equipo de su organizaci\u00f3n nunca ha sido tan f\u00e1cil. M\u00e1s informaci\u00f3n Tiempo libre Gestione todas sus solicitudes de [&hellip;]<\/p>\n","protected":false},"author":1,"featured_media":0,"parent":0,"menu_order":0,"comment_status":"closed","ping_status":"closed","template":"","meta":{"_eb_attr":"","inline_featured_image":false,"_monsterinsights_skip_tracking":false,"_monsterinsights_sitenote_active":false,"_monsterinsights_sitenote_note":"","_monsterinsights_sitenote_category":0,"site-sidebar-layout":"no-sidebar","site-content-layout":"page-builder","ast-site-content-layout":"default","site-content-style":"default","site-sidebar-style":"default","ast-global-header-display":"","ast-banner-title-visibility":"","ast-main-header-display":"","ast-hfb-above-header-display":"","ast-hfb-below-header-display":"","ast-hfb-mobile-header-display":"","site-post-title":"disabled","ast-breadcrumbs-content":"","ast-featured-img":"disabled","footer-sml-layout":"","theme-transparent-header-meta":"enabled","adv-header-id-meta":"","stick-header-meta":"","header-above-stick-meta":"","header-main-stick-meta":"","header-below-stick-meta":"","astra-migrate-meta-layouts":"default","ast-page-background-enabled":"default","ast-page-background-meta":{"desktop":{"background-color":"var(--ast-global-color-4)","background-image":"","background-repeat":"repeat","background-position":"center center","background-size":"auto","background-attachment":"scroll","background-type":"","background-media":"","overlay-type":"","overlay-color":"","overlay-opacity":"","overlay-gradient":""},"tablet":{"background-color":"","background-image":"","background-repeat":"repeat","background-position":"center center","background-size":"auto","background-attachment":"scroll","background-type":"","background-media":"","overlay-type":"","overlay-color":"","overlay-opacity":"","overlay-gradient":""},"mobile":{"background-color":"","background-image":"","background-repeat":"repeat","background-position":"center center","background-size":"auto","background-attachment":"scroll","background-type":"","background-media":"","overlay-type":"","overlay-color":"","overlay-opacity":"","overlay-gradient":""}},"ast-content-background-meta":{"desktop":{"background-color":"var(--ast-global-color-5)","background-image":"","background-repeat":"repeat","background-position":"center center","background-size":"auto","background-attachment":"scroll","background-type":"","background-media":"","overlay-type":"","overlay-color":"","overlay-opacity":"","overlay-gradient":""},"tablet":{"background-color":"var(--ast-global-color-5)","background-image":"","background-repeat":"repeat","background-position":"center center","background-size":"auto","background-attachment":"scroll","background-type":"","background-media":"","overlay-type":"","overlay-color":"","overlay-opacity":"","overlay-gradient":""},"mobile":{"background-color":"var(--ast-global-color-5)","background-image":"","background-repeat":"repeat","background-position":"center center","background-size":"auto","background-attachment":"scroll","background-type":"","background-media":"","overlay-type":"","overlay-color":"","overlay-opacity":"","overlay-gradient":""}},"footnotes":""},"class_list":["post-14604","page","type-page","status-publish","hentry"],"yoast_head":"<!-- This site is optimized with the Yoast SEO Premium plugin v25.4 (Yoast SEO v25.4) - https:\/\/yoast.com\/wordpress\/plugins\/seo\/ -->\n<title>- Soluciones.<\/title>\n<meta name=\"description\" content=\"Vea algunas de nuestras potentes y flexibles soluciones de RR.HH. y n\u00f3minas centradas en las personas.\" \/>\n<meta name=\"robots\" content=\"index, follow, max-snippet:-1, max-image-preview:large, max-video-preview:-1\" \/>\n<link rel=\"canonical\" href=\"https:\/\/neopeople.com\/es\/soluciones\/\" \/>\n<meta property=\"og:locale\" content=\"es_ES\" \/>\n<meta property=\"og:type\" content=\"article\" \/>\n<meta property=\"og:title\" content=\"Soluciones\" \/>\n<meta property=\"og:description\" content=\"Vea algunas de nuestras potentes y flexibles soluciones de RR.HH. y n\u00f3minas centradas en las personas.\" \/>\n<meta property=\"og:url\" content=\"https:\/\/neopeople.com\/es\/soluciones\/\" \/>\n<meta property=\"og:site_name\" content=\"NeoPeople\" \/>\n<meta property=\"article:publisher\" content=\"https:\/\/www.facebook.com\/NeoPeopleHR\" \/>\n<meta property=\"article:modified_time\" content=\"2025-02-17T18:56:55+00:00\" \/>\n<meta property=\"og:image\" content=\"https:\/\/neopeople.com\/wp-content\/uploads\/2023\/02\/Dash-1.png\" \/>\n\t<meta property=\"og:image:width\" content=\"940\" \/>\n\t<meta property=\"og:image:height\" content=\"788\" \/>\n\t<meta property=\"og:image:type\" content=\"image\/png\" \/>\n<meta name=\"twitter:card\" content=\"summary_large_image\" \/>\n<meta name=\"twitter:site\" content=\"@neopeoplehr\" \/>\n<meta name=\"twitter:label1\" content=\"Tiempo de lectura\" \/>\n\t<meta name=\"twitter:data1\" content=\"3 minutos\" \/>\n<script type=\"application\/ld+json\" class=\"yoast-schema-graph\">{\"@context\":\"https:\/\/schema.org\",\"@graph\":[{\"@type\":\"WebPage\",\"@id\":\"https:\/\/neopeople.com\/es\/soluciones\/\",\"url\":\"https:\/\/neopeople.com\/es\/soluciones\/\",\"name\":\"- Soluciones.\",\"isPartOf\":{\"@id\":\"https:\/\/neopeople.com\/es\/#website\"},\"primaryImageOfPage\":{\"@id\":\"https:\/\/neopeople.com\/es\/soluciones\/#primaryimage\"},\"image\":{\"@id\":\"https:\/\/neopeople.com\/es\/soluciones\/#primaryimage\"},\"thumbnailUrl\":\"https:\/\/neopeople.com\/wp-content\/uploads\/2023\/02\/Dash-1.png\",\"datePublished\":\"2023-03-28T21:01:32+00:00\",\"dateModified\":\"2025-02-17T18:56:55+00:00\",\"description\":\"Vea algunas de nuestras potentes y flexibles soluciones de RR.HH. y n\u00f3minas centradas en las personas.\",\"breadcrumb\":{\"@id\":\"https:\/\/neopeople.com\/es\/soluciones\/#breadcrumb\"},\"inLanguage\":\"es\",\"potentialAction\":[{\"@type\":\"ReadAction\",\"target\":[\"https:\/\/neopeople.com\/es\/soluciones\/\"]}]},{\"@type\":\"ImageObject\",\"inLanguage\":\"es\",\"@id\":\"https:\/\/neopeople.com\/es\/soluciones\/#primaryimage\",\"url\":\"https:\/\/neopeople.com\/wp-content\/uploads\/2023\/02\/Dash-1.png\",\"contentUrl\":\"https:\/\/neopeople.com\/wp-content\/uploads\/2023\/02\/Dash-1.png\"},{\"@type\":\"BreadcrumbList\",\"@id\":\"https:\/\/neopeople.com\/es\/soluciones\/#breadcrumb\",\"itemListElement\":[{\"@type\":\"ListItem\",\"position\":1,\"name\":\"Home\",\"item\":\"https:\/\/neopeople.com\/es\/\"},{\"@type\":\"ListItem\",\"position\":2,\"name\":\"Soluciones\"}]},{\"@type\":\"WebSite\",\"@id\":\"https:\/\/neopeople.com\/es\/#website\",\"url\":\"https:\/\/neopeople.com\/es\/\",\"name\":\"NeoPeople\",\"description\":\"\",\"publisher\":{\"@id\":\"https:\/\/neopeople.com\/es\/#organization\"},\"potentialAction\":[{\"@type\":\"SearchAction\",\"target\":{\"@type\":\"EntryPoint\",\"urlTemplate\":\"https:\/\/neopeople.com\/es\/?s={search_term_string}\"},\"query-input\":{\"@type\":\"PropertyValueSpecification\",\"valueRequired\":true,\"valueName\":\"search_term_string\"}}],\"inLanguage\":\"es\"},{\"@type\":\"Organization\",\"@id\":\"https:\/\/neopeople.com\/es\/#organization\",\"name\":\"NeoPeople\",\"url\":\"https:\/\/neopeople.com\/es\/\",\"logo\":{\"@type\":\"ImageObject\",\"inLanguage\":\"es\",\"@id\":\"https:\/\/neopeople.com\/es\/#\/schema\/logo\/image\/\",\"url\":\"https:\/\/neopeople.com\/wp-content\/uploads\/2022\/08\/NeoPeople-Logo-1.png\",\"contentUrl\":\"https:\/\/neopeople.com\/wp-content\/uploads\/2022\/08\/NeoPeople-Logo-1.png\",\"width\":500,\"height\":500,\"caption\":\"NeoPeople\"},\"image\":{\"@id\":\"https:\/\/neopeople.com\/es\/#\/schema\/logo\/image\/\"},\"sameAs\":[\"https:\/\/www.facebook.com\/NeoPeopleHR\",\"https:\/\/x.com\/neopeoplehr\",\"https:\/\/www.linkedin.com\/company\/neopeople\/\",\"https:\/\/instagram.com\/neopeoplehr\"]}]}<\/script>\n<!-- \/ Yoast SEO Premium plugin. -->","yoast_head_json":{"title":"- Soluciones.","description":"Vea algunas de nuestras potentes y flexibles soluciones de RR.HH. y n\u00f3minas centradas en las personas.","robots":{"index":"index","follow":"follow","max-snippet":"max-snippet:-1","max-image-preview":"max-image-preview:large","max-video-preview":"max-video-preview:-1"},"canonical":"https:\/\/neopeople.com\/es\/soluciones\/","og_locale":"es_ES","og_type":"article","og_title":"Soluciones","og_description":"Vea algunas de nuestras potentes y flexibles soluciones de RR.HH. y n\u00f3minas centradas en las personas.","og_url":"https:\/\/neopeople.com\/es\/soluciones\/","og_site_name":"NeoPeople","article_publisher":"https:\/\/www.facebook.com\/NeoPeopleHR","article_modified_time":"2025-02-17T18:56:55+00:00","og_image":[{"width":940,"height":788,"url":"https:\/\/neopeople.com\/wp-content\/uploads\/2023\/02\/Dash-1.png","type":"image\/png"}],"twitter_card":"summary_large_image","twitter_site":"@neopeoplehr","twitter_misc":{"Tiempo de lectura":"3 minutos"},"schema":{"@context":"https:\/\/schema.org","@graph":[{"@type":"WebPage","@id":"https:\/\/neopeople.com\/es\/soluciones\/","url":"https:\/\/neopeople.com\/es\/soluciones\/","name":"- Soluciones.","isPartOf":{"@id":"https:\/\/neopeople.com\/es\/#website"},"primaryImageOfPage":{"@id":"https:\/\/neopeople.com\/es\/soluciones\/#primaryimage"},"image":{"@id":"https:\/\/neopeople.com\/es\/soluciones\/#primaryimage"},"thumbnailUrl":"https:\/\/neopeople.com\/wp-content\/uploads\/2023\/02\/Dash-1.png","datePublished":"2023-03-28T21:01:32+00:00","dateModified":"2025-02-17T18:56:55+00:00","description":"Vea algunas de nuestras potentes y flexibles soluciones de RR.HH. y n\u00f3minas centradas en las personas.","breadcrumb":{"@id":"https:\/\/neopeople.com\/es\/soluciones\/#breadcrumb"},"inLanguage":"es","potentialAction":[{"@type":"ReadAction","target":["https:\/\/neopeople.com\/es\/soluciones\/"]}]},{"@type":"ImageObject","inLanguage":"es","@id":"https:\/\/neopeople.com\/es\/soluciones\/#primaryimage","url":"https:\/\/neopeople.com\/wp-content\/uploads\/2023\/02\/Dash-1.png","contentUrl":"https:\/\/neopeople.com\/wp-content\/uploads\/2023\/02\/Dash-1.png"},{"@type":"BreadcrumbList","@id":"https:\/\/neopeople.com\/es\/soluciones\/#breadcrumb","itemListElement":[{"@type":"ListItem","position":1,"name":"Home","item":"https:\/\/neopeople.com\/es\/"},{"@type":"ListItem","position":2,"name":"Soluciones"}]},{"@type":"WebSite","@id":"https:\/\/neopeople.com\/es\/#website","url":"https:\/\/neopeople.com\/es\/","name":"NeoPeople","description":"","publisher":{"@id":"https:\/\/neopeople.com\/es\/#organization"},"potentialAction":[{"@type":"SearchAction","target":{"@type":"EntryPoint","urlTemplate":"https:\/\/neopeople.com\/es\/?s={search_term_string}"},"query-input":{"@type":"PropertyValueSpecification","valueRequired":true,"valueName":"search_term_string"}}],"inLanguage":"es"},{"@type":"Organization","@id":"https:\/\/neopeople.com\/es\/#organization","name":"NeoPeople","url":"https:\/\/neopeople.com\/es\/","logo":{"@type":"ImageObject","inLanguage":"es","@id":"https:\/\/neopeople.com\/es\/#\/schema\/logo\/image\/","url":"https:\/\/neopeople.com\/wp-content\/uploads\/2022\/08\/NeoPeople-Logo-1.png","contentUrl":"https:\/\/neopeople.com\/wp-content\/uploads\/2022\/08\/NeoPeople-Logo-1.png","width":500,"height":500,"caption":"NeoPeople"},"image":{"@id":"https:\/\/neopeople.com\/es\/#\/schema\/logo\/image\/"},"sameAs":["https:\/\/www.facebook.com\/NeoPeopleHR","https:\/\/x.com\/neopeoplehr","https:\/\/www.linkedin.com\/company\/neopeople\/","https:\/\/instagram.com\/neopeoplehr"]}]}},"_links":{"self":[{"href":"https:\/\/neopeople.com\/es\/wp-json\/wp\/v2\/pages\/14604","targetHints":{"allow":["GET"]}}],"collection":[{"href":"https:\/\/neopeople.com\/es\/wp-json\/wp\/v2\/pages"}],"about":[{"href":"https:\/\/neopeople.com\/es\/wp-json\/wp\/v2\/types\/page"}],"author":[{"embeddable":true,"href":"https:\/\/neopeople.com\/es\/wp-json\/wp\/v2\/users\/1"}],"replies":[{"embeddable":true,"href":"https:\/\/neopeople.com\/es\/wp-json\/wp\/v2\/comments?post=14604"}],"version-history":[{"count":0,"href":"https:\/\/neopeople.com\/es\/wp-json\/wp\/v2\/pages\/14604\/revisions"}],"wp:attachment":[{"href":"https:\/\/neopeople.com\/es\/wp-json\/wp\/v2\/media?parent=14604"}],"curies":[{"name":"wp","href":"https:\/\/api.w.org\/{rel}","templated":true}]}}